{"id":4894,"date":"2025-02-19T05:47:46","date_gmt":"2025-02-19T05:47:46","guid":{"rendered":"https:\/\/www.nasuatravel.com\/2025\/?post_type=product&#038;p=4894"},"modified":"2025-06-02T22:32:41","modified_gmt":"2025-06-02T22:32:41","slug":"cloud-forest","status":"publish","type":"product","link":"https:\/\/www.nasuatravel.com\/2025\/product\/cloud-forest\/","title":{"rendered":"Cloud Forest"},"content":{"rendered":"<p>Want to know about one of the amazing forests in Costa Rica? Cloud Forest it&#8217;s located at Monteverde in Puntarenas province, where we will learn about plants and animals of the place and visit a butterfly garden, herpetarium, hummingbird garden and insect museum, as we start early in the morning you will enjoy a wonderful breakfast with costarrican cofee and lunch too it&#8217;s included, bring your phone with space for beautiful pictures of the places that you will visit and be brave to see the snakes and insects there.<\/p>\n<p>\u00bfQuieres saber sobre uno de los bosques m\u00e1s incre\u00edbles de Costa Rica? El Bosque Nuboso se encuentra en Monteverde en la provincia de Puntarenas, donde aprenderemos sobre las plantas y animales del lugar y visitaremos un jard\u00edn de mariposas, un herpetario, un jard\u00edn de colibr\u00edes y un museo de insectos, ya que comenzamos temprano en la ma\u00f1ana disfrutar\u00e1s de un maravilloso desayuno con caf\u00e9 costarricense y el almuerzo tambi\u00e9n est\u00e1 incluido, trae tu tel\u00e9fono con espacio para hermosas fotos de los lugares que visitar\u00e1s y s\u00e9 valiente para ver las serpientes e insectos all\u00ed.<\/p>\n<p>Included\/Incluido<\/p>\n<ul>\n<li>Entrance Fee \/ Cuota de Entrada<\/li>\n<li>Transportation \/ Transporte<\/li>\n<li>Breakfast \/ Desayuno<\/li>\n<li>Lunch \/ Almuerzo<\/li>\n<li>Bilingual Guide \/ Gu\u00eda Biling\u00fce<\/li>\n<\/ul>\n","protected":false},"excerpt":{"rendered":"<p><strong>Live the experience of a wonderful forest, full of nature and wild life where you can walk along its high and magical hanging bridges, as well as enjoy a cable car through the mountain full of fresh and pure air. \/ Vive la experiencia de un bosque maravilloso, lleno por la naturaleza y vida silvestre donde podr\u00e1s caminar por sus altos y m\u00e1gicos puentes colgantes, as\u00ed como disfrutar de un telef\u00e9rico por la monta\u00f1a lleno de aire fresco y puro.<\/strong><\/p>\n","protected":false},"featured_media":4895,"comment_status":"open","ping_status":"closed","template":"","meta":[],"product_brand":[],"product_cat":[71],"product_tag":[],"class_list":{"0":"post-4894","1":"product","2":"type-product","3":"status-publish","4":"has-post-thumbnail","6":"product_cat-nature","8":"first","9":"instock","10":"virtual","11":"purchasable","12":"product-type-simple"},"_links":{"self":[{"href":"https:\/\/www.nasuatravel.com\/2025\/wp-json\/wp\/v2\/product\/4894","targetHints":{"allow":["GET"]}}],"collection":[{"href":"https:\/\/www.nasuatravel.com\/2025\/wp-json\/wp\/v2\/product"}],"about":[{"href":"https:\/\/www.nasuatravel.com\/2025\/wp-json\/wp\/v2\/types\/product"}],"replies":[{"embeddable":true,"href":"https:\/\/www.nasuatravel.com\/2025\/wp-json\/wp\/v2\/comments?post=4894"}],"wp:featuredmedia":[{"embeddable":true,"href":"https:\/\/www.nasuatravel.com\/2025\/wp-json\/wp\/v2\/media\/4895"}],"wp:attachment":[{"href":"https:\/\/www.nasuatravel.com\/2025\/wp-json\/wp\/v2\/media?parent=4894"}],"wp:term":[{"taxonomy":"product_brand","embeddable":true,"href":"https:\/\/www.nasuatravel.com\/2025\/wp-json\/wp\/v2\/product_brand?post=4894"},{"taxonomy":"product_cat","embeddable":true,"href":"https:\/\/www.nasuatravel.com\/2025\/wp-json\/wp\/v2\/product_cat?post=4894"},{"taxonomy":"product_tag","embeddable":true,"href":"https:\/\/www.nasuatravel.com\/2025\/wp-json\/wp\/v2\/product_tag?post=4894"}],"curies":[{"name":"wp","href":"https:\/\/api.w.org\/{rel}","templated":true}]}}