{"id":4896,"date":"2025-02-19T05:53:01","date_gmt":"2025-02-19T05:53:01","guid":{"rendered":"https:\/\/www.nasuatravel.com\/2025\/?post_type=product&#038;p=4896"},"modified":"2025-06-02T22:23:20","modified_gmt":"2025-06-02T22:23:20","slug":"bridges-tour","status":"publish","type":"product","link":"https:\/\/www.nasuatravel.com\/2025\/product\/bridges-tour\/","title":{"rendered":"Bridges Tour"},"content":{"rendered":"<p class=\"has-small-font-size\">Let&#8217;s visit San Ramon at Alajuela province where we will know a lot of culture and nature and then walk through amazing bridges surrounded by unique Costa Rica narute, follow us to an amazing lunch and be ready to return to your hotel with amazing pictures of your visit while you were walking in the bridges.<\/p>\n<p>Visitemos San Ram\u00f3n en la provincia de Alajuela, donde conoceremos mucha cultura y naturaleza y luego caminaremos por incre\u00edbles puentes rodeados de naturaleza \u00fanica de Costa Rica, s\u00edganos para un almuerzo incre\u00edble y est\u00e9 listo para regresar a su hotel con incre\u00edbles fotograf\u00edas de su visita mientras caminaba por los puentes.<\/p>\n<p>Included\/Incluido<\/p>\n<ul>\n<li>Transportantion \/ Transporte<\/li>\n<li>Entrance Fee \/ Cuota de entrada<\/li>\n<li>Lunch \/ Almuerzo<\/li>\n<li>Bilingual Guide \/ Gu\u00eda Biling\u00fce<\/li>\n<\/ul>\n","protected":false},"excerpt":{"rendered":"<p><strong>We begin by observing different types of species in our hummingbird garden, followed by the walk on cloud forest, we will visit 6 suspension bridges, to complete a journey of 1800 meters, we end up visiting the butterfly garden. \/ Iniciamos observando diferentes tipos de especies en nuestro jard\u00edn de colibr\u00edes, seguido de la caminata sobre bosque nuboso, visitaremos 6 puentes colgantes, para completar un recorrido de 1800 metros, finalizamos visitando el mariposario.<\/strong><\/p>\n","protected":false},"featured_media":4897,"comment_status":"open","ping_status":"closed","template":"","meta":[],"product_brand":[],"product_cat":[71],"product_tag":[],"class_list":{"0":"post-4896","1":"product","2":"type-product","3":"status-publish","4":"has-post-thumbnail","6":"product_cat-nature","8":"first","9":"instock","10":"virtual","11":"purchasable","12":"product-type-simple"},"_links":{"self":[{"href":"https:\/\/www.nasuatravel.com\/2025\/wp-json\/wp\/v2\/product\/4896","targetHints":{"allow":["GET"]}}],"collection":[{"href":"https:\/\/www.nasuatravel.com\/2025\/wp-json\/wp\/v2\/product"}],"about":[{"href":"https:\/\/www.nasuatravel.com\/2025\/wp-json\/wp\/v2\/types\/product"}],"replies":[{"embeddable":true,"href":"https:\/\/www.nasuatravel.com\/2025\/wp-json\/wp\/v2\/comments?post=4896"}],"wp:featuredmedia":[{"embeddable":true,"href":"https:\/\/www.nasuatravel.com\/2025\/wp-json\/wp\/v2\/media\/4897"}],"wp:attachment":[{"href":"https:\/\/www.nasuatravel.com\/2025\/wp-json\/wp\/v2\/media?parent=4896"}],"wp:term":[{"taxonomy":"product_brand","embeddable":true,"href":"https:\/\/www.nasuatravel.com\/2025\/wp-json\/wp\/v2\/product_brand?post=4896"},{"taxonomy":"product_cat","embeddable":true,"href":"https:\/\/www.nasuatravel.com\/2025\/wp-json\/wp\/v2\/product_cat?post=4896"},{"taxonomy":"product_tag","embeddable":true,"href":"https:\/\/www.nasuatravel.com\/2025\/wp-json\/wp\/v2\/product_tag?post=4896"}],"curies":[{"name":"wp","href":"https:\/\/api.w.org\/{rel}","templated":true}]}}