{"id":4898,"date":"2025-02-19T06:23:51","date_gmt":"2025-02-19T06:23:51","guid":{"rendered":"https:\/\/www.nasuatravel.com\/2025\/?post_type=product&#038;p=4898"},"modified":"2025-05-18T23:16:39","modified_gmt":"2025-05-18T23:16:39","slug":"combo-tour-doka-poas-volcano-la-paz-waterfall","status":"publish","type":"product","link":"https:\/\/www.nasuatravel.com\/2025\/product\/combo-tour-doka-poas-volcano-la-paz-waterfall\/","title":{"rendered":"Combo Tour: Doka, Po\u00e1s Volcano &#038; La Paz Waterfall"},"content":{"rendered":"<p>The perfect combination of activities in Heredia, we will visit Doka coffee where we will start our day with a good mug of coffee and will learn about Costa Rica coffee production and history, then we will move to one of the most famous volcanos in Costa Rica, Po\u00e1s Volcano, we will visit the crater and last but not least we will travel the the amazin La Paz Waterfall Garden, we will take our lunch there and we will visit 5 natural an amazing waterfalls in Costa Rica and also we will see sloths at the santuarium.<\/p>\n<p class=\"has-small-font-size\">a combinaci\u00f3n perfecta de actividades en Heredia, visitaremos Doka Coffee donde comenzaremos nuestro d\u00eda con una buena taza de caf\u00e9 y aprenderemos sobre la producci\u00f3n e historia del caf\u00e9 de Costa Rica, luego nos trasladaremos a uno de los volcanes m\u00e1s famosos de Costa Rica, Volc\u00e1n Po\u00e1s, visitaremos el cr\u00e1ter y por \u00faltimo pero no menos importante recorreremos el incre\u00edble Jard\u00edn de las Cataratas de La Paz, tomaremos nuestro almuerzo all\u00ed y visitaremos 5 cascadas naturales e incre\u00edbles en Costa Rica y tambi\u00e9n veremos perezosos en el santuario.<\/p>\n<p>Included\/Incluido<\/p>\n<ul>\n<li>Transportantion\/Transporte<\/li>\n<li>Entrance Fees\/Entradas<\/li>\n<li>Coffee breakfast\/ Desayuno con caf\u00e9<\/li>\n<li>Lunch\/Almuerzo<\/li>\n<li>Bilingual Guide\/Gu\u00eda Biling\u00fce<\/li>\n<\/ul>\n","protected":false},"excerpt":{"rendered":"<p><strong>An exciting and unforgettable tour! \/ \u00a1Un viaje emocionante e inolvidable!<\/strong><\/p>\n","protected":false},"featured_media":4899,"comment_status":"open","ping_status":"closed","template":"","meta":[],"product_brand":[],"product_cat":[71],"product_tag":[],"class_list":{"0":"post-4898","1":"product","2":"type-product","3":"status-publish","4":"has-post-thumbnail","6":"product_cat-nature","8":"first","9":"instock","10":"virtual","11":"purchasable","12":"product-type-simple"},"_links":{"self":[{"href":"https:\/\/www.nasuatravel.com\/2025\/wp-json\/wp\/v2\/product\/4898","targetHints":{"allow":["GET"]}}],"collection":[{"href":"https:\/\/www.nasuatravel.com\/2025\/wp-json\/wp\/v2\/product"}],"about":[{"href":"https:\/\/www.nasuatravel.com\/2025\/wp-json\/wp\/v2\/types\/product"}],"replies":[{"embeddable":true,"href":"https:\/\/www.nasuatravel.com\/2025\/wp-json\/wp\/v2\/comments?post=4898"}],"wp:featuredmedia":[{"embeddable":true,"href":"https:\/\/www.nasuatravel.com\/2025\/wp-json\/wp\/v2\/media\/4899"}],"wp:attachment":[{"href":"https:\/\/www.nasuatravel.com\/2025\/wp-json\/wp\/v2\/media?parent=4898"}],"wp:term":[{"taxonomy":"product_brand","embeddable":true,"href":"https:\/\/www.nasuatravel.com\/2025\/wp-json\/wp\/v2\/product_brand?post=4898"},{"taxonomy":"product_cat","embeddable":true,"href":"https:\/\/www.nasuatravel.com\/2025\/wp-json\/wp\/v2\/product_cat?post=4898"},{"taxonomy":"product_tag","embeddable":true,"href":"https:\/\/www.nasuatravel.com\/2025\/wp-json\/wp\/v2\/product_tag?post=4898"}],"curies":[{"name":"wp","href":"https:\/\/api.w.org\/{rel}","templated":true}]}}