{"id":4909,"date":"2025-02-19T06:33:31","date_gmt":"2025-02-19T06:33:31","guid":{"rendered":"https:\/\/www.nasuatravel.com\/2025\/?post_type=product&#038;p=4909"},"modified":"2025-09-11T23:03:46","modified_gmt":"2025-09-11T23:03:46","slug":"city-tour","status":"publish","type":"product","link":"https:\/\/www.nasuatravel.com\/2025\/product\/city-tour\/","title":{"rendered":"City Bus Tour"},"content":{"rendered":"<p>Let&#8217;s visit San Jos\u00e9 downtown, where you will learn about our capital province, important places and culture in a double decker bus that will stop at many places from downtown, bring confortable shoes, a Pura Vida actitud and your camera to take amazing pictures of the following places that you&#8217;ll visit with our carismastic guides.<\/p>\n<ul>\n<li>National Theater Lobby<\/li>\n<li>Art Museum<\/li>\n<li>Central Market (Shopping)<\/li>\n<li>Metropolitan Cathedral<\/li>\n<li>Plaza de la democracia<\/li>\n<li>Central Avenue<\/li>\n<li>National Monument<\/li>\n<li>Gold Museum<\/li>\n<\/ul>\n<p>Vamos a visitar el centro de San Jos\u00e9, donde aprender\u00e1 sobre nuestra provincia capital, lugares importantes y cultura en un autob\u00fas de dos pisos que se detendr\u00e1 en muchos lugares del centro, traiga zapatos c\u00f3modos, una actitud Pura Vida y su c\u00e1mara para tomar fotos incre\u00edbles de los siguientes lugares que visitar\u00e1 con nuestros gu\u00edas carism\u00e1ticos.<\/p>\n<ul>\n<li>Vest\u00edbulo del Teatro Nacional<\/li>\n<li>Museo de Arte<\/li>\n<li>Mercado Central (Compras)<\/li>\n<li>Catedral Metropolitana<\/li>\n<li>Plaza de la democracia<\/li>\n<li>Avenida Central<\/li>\n<li>Monumento Nacional<\/li>\n<li>Museo del oro<\/li>\n<\/ul>\n<p>What&#8217;s included \/ Qu\u00e9 est\u00e1 incluido<\/p>\n<ul>\n<li>Almuerzo o Cena \/ Lunch or Dinner<\/li>\n<li>Entradas \/ Entrance Fees<\/li>\n<li>Cocktail local de bienvenida \/ Welcome local cocktail<\/li>\n<li>Gu\u00eda biling\u00fce \/ Bilingual guide<\/li>\n<li>Pickup &amp; Drop off en el hotel \/ Pickup &amp; Drop off at the hotel<\/li>\n<\/ul>\n","protected":false},"excerpt":{"rendered":"<p><strong>Let&#8217;s learn about San Jos\u00e9 Downtown with our Pura Vida Guides<\/strong><\/p>\n<p><strong> Aprendamos de la ciudad de San Jos\u00e9 con nuestros gu\u00edas Pura vida<\/strong><\/p>\n","protected":false},"featured_media":4910,"comment_status":"open","ping_status":"closed","template":"","meta":[],"product_brand":[],"product_cat":[72],"product_tag":[],"class_list":{"0":"post-4909","1":"product","2":"type-product","3":"status-publish","4":"has-post-thumbnail","6":"product_cat-culture","8":"first","9":"instock","10":"shipping-taxable","11":"purchasable","12":"product-type-variable"},"_links":{"self":[{"href":"https:\/\/www.nasuatravel.com\/2025\/wp-json\/wp\/v2\/product\/4909","targetHints":{"allow":["GET"]}}],"collection":[{"href":"https:\/\/www.nasuatravel.com\/2025\/wp-json\/wp\/v2\/product"}],"about":[{"href":"https:\/\/www.nasuatravel.com\/2025\/wp-json\/wp\/v2\/types\/product"}],"replies":[{"embeddable":true,"href":"https:\/\/www.nasuatravel.com\/2025\/wp-json\/wp\/v2\/comments?post=4909"}],"wp:featuredmedia":[{"embeddable":true,"href":"https:\/\/www.nasuatravel.com\/2025\/wp-json\/wp\/v2\/media\/4910"}],"wp:attachment":[{"href":"https:\/\/www.nasuatravel.com\/2025\/wp-json\/wp\/v2\/media?parent=4909"}],"wp:term":[{"taxonomy":"product_brand","embeddable":true,"href":"https:\/\/www.nasuatravel.com\/2025\/wp-json\/wp\/v2\/product_brand?post=4909"},{"taxonomy":"product_cat","embeddable":true,"href":"https:\/\/www.nasuatravel.com\/2025\/wp-json\/wp\/v2\/product_cat?post=4909"},{"taxonomy":"product_tag","embeddable":true,"href":"https:\/\/www.nasuatravel.com\/2025\/wp-json\/wp\/v2\/product_tag?post=4909"}],"curies":[{"name":"wp","href":"https:\/\/api.w.org\/{rel}","templated":true}]}}