{"id":4929,"date":"2025-02-19T07:21:09","date_gmt":"2025-02-19T07:21:09","guid":{"rendered":"https:\/\/www.nasuatravel.com\/2025\/?post_type=product&#038;p=4929"},"modified":"2025-09-11T23:03:46","modified_gmt":"2025-09-11T23:03:46","slug":"custom-adventure-tour","status":"publish","type":"product","link":"https:\/\/www.nasuatravel.com\/2025\/product\/custom-adventure-tour\/","title":{"rendered":"Custom Adventure Tour"},"content":{"rendered":"<p><b>Want to live an adventure?<\/b><\/p>\n<p>Welcome to the central pacific, where you can choose 2 of your favorite activities and feel the adrenaline or the chill mood in our tropical weather and Pura Vida mood. Our guides will explain you about the places that you will travel with transportation and lunch included.<\/p>\n<p><strong>\u00bfQuieres vivir una Aventura?<\/strong><\/p>\n<p>Bienvenido al pac\u00edfico central, donde puedes escoger 2 de sus actividades favoritas y sentir el ambiente calmado de nuestro clima tropical y una vibra Pura Vida. Nuestros gu\u00edas le explicar\u00e1n sobre los lugares que estar\u00e1n visitando con transporte y almuerzo incluido.<\/p>\n<p>What&#8217;s Included\/ Que est\u00e1 incluido.<\/p>\n<ul>\n<li>Transportation from and back to the hotel \/ Transporte ida y vuelta al hotel.<\/li>\n<li>Lunch \/ Almuerzo<\/li>\n<li>2 Activities \/ 2 actividades (individually or group \/ individual o grupo)<\/li>\n<li>Bilingual guide \/ Gu\u00eda Biling\u00fce<\/li>\n<\/ul>\n","protected":false},"excerpt":{"rendered":"<p>Choose 2 activities to live and adventure or live a chill mood at the central pacific with our guide and lunch.<\/p>\n","protected":false},"featured_media":4930,"comment_status":"open","ping_status":"closed","template":"","meta":[],"product_brand":[],"product_cat":[73],"product_tag":[],"class_list":{"0":"post-4929","1":"product","2":"type-product","3":"status-publish","4":"has-post-thumbnail","6":"product_cat-adventure","8":"first","9":"instock","10":"shipping-taxable","11":"purchasable","12":"product-type-variable"},"_links":{"self":[{"href":"https:\/\/www.nasuatravel.com\/2025\/wp-json\/wp\/v2\/product\/4929","targetHints":{"allow":["GET"]}}],"collection":[{"href":"https:\/\/www.nasuatravel.com\/2025\/wp-json\/wp\/v2\/product"}],"about":[{"href":"https:\/\/www.nasuatravel.com\/2025\/wp-json\/wp\/v2\/types\/product"}],"replies":[{"embeddable":true,"href":"https:\/\/www.nasuatravel.com\/2025\/wp-json\/wp\/v2\/comments?post=4929"}],"wp:featuredmedia":[{"embeddable":true,"href":"https:\/\/www.nasuatravel.com\/2025\/wp-json\/wp\/v2\/media\/4930"}],"wp:attachment":[{"href":"https:\/\/www.nasuatravel.com\/2025\/wp-json\/wp\/v2\/media?parent=4929"}],"wp:term":[{"taxonomy":"product_brand","embeddable":true,"href":"https:\/\/www.nasuatravel.com\/2025\/wp-json\/wp\/v2\/product_brand?post=4929"},{"taxonomy":"product_cat","embeddable":true,"href":"https:\/\/www.nasuatravel.com\/2025\/wp-json\/wp\/v2\/product_cat?post=4929"},{"taxonomy":"product_tag","embeddable":true,"href":"https:\/\/www.nasuatravel.com\/2025\/wp-json\/wp\/v2\/product_tag?post=4929"}],"curies":[{"name":"wp","href":"https:\/\/api.w.org\/{rel}","templated":true}]}}